{"id":285,"date":"2020-10-24T14:36:27","date_gmt":"2020-10-24T17:36:27","guid":{"rendered":"http:\/\/martapessoa.blog.br\/?page_id=285"},"modified":"2020-10-29T19:08:58","modified_gmt":"2020-10-29T22:08:58","slug":"livros","status":"publish","type":"page","link":"https:\/\/martapessoa.blog.br\/index.php\/livros\/","title":{"rendered":"Livros"},"content":{"rendered":"\n<div class=\"wp-block-columns\">\n<div class=\"wp-block-column\">\n<figure class=\"wp-block-image size-large\"><img loading=\"lazy\" width=\"518\" height=\"763\" src=\"https:\/\/martapessoa.blog.br\/wp-content\/uploads\/2020\/10\/ziginau.jpeg\" alt=\"\" class=\"wp-image-289\" srcset=\"https:\/\/martapessoa.blog.br\/wp-content\/uploads\/2020\/10\/ziginau.jpeg 518w, https:\/\/martapessoa.blog.br\/wp-content\/uploads\/2020\/10\/ziginau-204x300.jpeg 204w, https:\/\/martapessoa.blog.br\/wp-content\/uploads\/2020\/10\/ziginau-230x339.jpeg 230w, https:\/\/martapessoa.blog.br\/wp-content\/uploads\/2020\/10\/ziginau-350x516.jpeg 350w, https:\/\/martapessoa.blog.br\/wp-content\/uploads\/2020\/10\/ziginau-480x707.jpeg 480w\" sizes=\"(max-width: 518px) 100vw, 518px\" \/><\/figure>\n<\/div>\n\n\n\n<div class=\"wp-block-column\">\n<p>Onde comprar:<\/p>\n\n\n\n<p><a href=\"https:\/\/www.amazon.com.br\/s?k=zignau&amp;__mk_pt_BR=%C3%85M%C3%85%C5%BD%C3%95%C3%91&amp;ref=nb_sb_noss_2\">Amazon<\/a><\/p>\n\n\n\n<p><a href=\"https:\/\/editorabatel.com.br\/\">Batel Editora<\/a><\/p>\n\n\n\n<p>As mulheres do livro s\u00e3o do tipo que d\u00e3o <em><strong>zignau<\/strong><\/em> em tudo que lhes rouba a alegria de viver. Suas hist\u00f3rias, contadas com ironia, s\u00e3o atual\u00edssimas e render\u00e3o divertidas reflex\u00f5es.<\/p>\n\n\n\n<p><\/p>\n\n\n\n<p><\/p>\n<\/div>\n<\/div>\n\n\n\n<hr class=\"wp-block-separator has-text-color has-background has-accent-background-color has-accent-color is-style-default\"\/>\n\n\n\n<div class=\"wp-block-columns\">\n<div class=\"wp-block-column\">\n<figure class=\"wp-block-image size-large\"><img loading=\"lazy\" width=\"375\" height=\"475\" src=\"https:\/\/martapessoa.blog.br\/wp-content\/uploads\/2020\/10\/book-tempodecuidar.jpg\" alt=\"\" class=\"wp-image-282\" srcset=\"https:\/\/martapessoa.blog.br\/wp-content\/uploads\/2020\/10\/book-tempodecuidar.jpg 375w, https:\/\/martapessoa.blog.br\/wp-content\/uploads\/2020\/10\/book-tempodecuidar-237x300.jpg 237w, https:\/\/martapessoa.blog.br\/wp-content\/uploads\/2020\/10\/book-tempodecuidar-230x291.jpg 230w, https:\/\/martapessoa.blog.br\/wp-content\/uploads\/2020\/10\/book-tempodecuidar-350x443.jpg 350w\" sizes=\"(max-width: 375px) 100vw, 375px\" \/><\/figure>\n<\/div>\n\n\n\n<div class=\"wp-block-column\">\n<p>A sociedade atual come\u00e7a a enfrentar um dos seus mais importantes desafios: o fen\u00f4meno do envelhecimento populacional. A consequ\u00eancia mais imediata deste cen\u00e1rio \u00e9 a de uma popula\u00e7\u00e3o idosa que precisa de cuidados, em maior ou menor grau. Quem e como cuidar s\u00e3o perguntas com poucas respostas. Neste livro s\u00e3o abordadas quest\u00f5es que afligem cuidadores familiares, filhos, amigos ou respons\u00e1veis.<br><br>Onde comprar:<br><a rel=\"noreferrer noopener\" href=\"https:\/\/www.amazon.com.br\/\u00c9-tempo-cuidar-envelheceram-agora-ebook\/dp\/B07N2VGZGH\" target=\"_blank\">Amazon<\/a><br><a href=\"https:\/\/editorabatel.com.br\/\">Editora Batel<\/a><\/p>\n<\/div>\n<\/div>\n\n\n\n<p><\/p>\n","protected":false},"excerpt":{"rendered":"<p>Onde comprar: Amazon Batel Editora As mulheres do livro s\u00e3o do tipo que d\u00e3o zignau em tudo que lhes rouba a alegria de viver. Suas hist\u00f3rias, contadas com ironia, s\u00e3o atual\u00edssimas e render\u00e3o divertidas reflex\u00f5es. A sociedade atual come\u00e7a a enfrentar um dos seus mais importantes desafios: o fen\u00f4meno do envelhecimento populacional. A consequ\u00eancia mais [&hellip;]<\/p>\n","protected":false},"author":1,"featured_media":0,"parent":0,"menu_order":0,"comment_status":"closed","ping_status":"closed","template":"","meta":{"_coblocks_attr":"","_coblocks_dimensions":"","_coblocks_responsive_height":"","_coblocks_accordion_ie_support":"","spay_email":""},"_links":{"self":[{"href":"https:\/\/martapessoa.blog.br\/index.php\/wp-json\/wp\/v2\/pages\/285"}],"collection":[{"href":"https:\/\/martapessoa.blog.br\/index.php\/wp-json\/wp\/v2\/pages"}],"about":[{"href":"https:\/\/martapessoa.blog.br\/index.php\/wp-json\/wp\/v2\/types\/page"}],"author":[{"embeddable":true,"href":"https:\/\/martapessoa.blog.br\/index.php\/wp-json\/wp\/v2\/users\/1"}],"replies":[{"embeddable":true,"href":"https:\/\/martapessoa.blog.br\/index.php\/wp-json\/wp\/v2\/comments?post=285"}],"version-history":[{"count":7,"href":"https:\/\/martapessoa.blog.br\/index.php\/wp-json\/wp\/v2\/pages\/285\/revisions"}],"predecessor-version":[{"id":513,"href":"https:\/\/martapessoa.blog.br\/index.php\/wp-json\/wp\/v2\/pages\/285\/revisions\/513"}],"wp:attachment":[{"href":"https:\/\/martapessoa.blog.br\/index.php\/wp-json\/wp\/v2\/media?parent=285"}],"curies":[{"name":"wp","href":"https:\/\/api.w.org\/{rel}","templated":true}]}}