{"id":302,"date":"2020-10-25T17:59:00","date_gmt":"2020-10-25T20:59:00","guid":{"rendered":"https:\/\/martapessoa.blog.br\/?page_id=302"},"modified":"2020-10-31T08:04:16","modified_gmt":"2020-10-31T11:04:16","slug":"sobre","status":"publish","type":"page","link":"https:\/\/martapessoa.blog.br\/index.php\/sobre\/","title":{"rendered":""},"content":{"rendered":"\n<div class=\"wp-block-columns\">\n<div class=\"wp-block-column\">\n<figure class=\"wp-block-image size-large is-resized is-style-default\"><img loading=\"lazy\" src=\"http:\/\/www.martapessoa.blog.br\/wp-content\/uploads\/2020\/10\/IMG_9220-768x1024.jpg\" alt=\"\" class=\"wp-image-244\" width=\"254\" height=\"339\" srcset=\"https:\/\/martapessoa.blog.br\/wp-content\/uploads\/2020\/10\/IMG_9220-768x1024.jpg 768w, https:\/\/martapessoa.blog.br\/wp-content\/uploads\/2020\/10\/IMG_9220-225x300.jpg 225w, https:\/\/martapessoa.blog.br\/wp-content\/uploads\/2020\/10\/IMG_9220-1152x1536.jpg 1152w, https:\/\/martapessoa.blog.br\/wp-content\/uploads\/2020\/10\/IMG_9220-1536x2048.jpg 1536w, https:\/\/martapessoa.blog.br\/wp-content\/uploads\/2020\/10\/IMG_9220-830x1107.jpg 830w, https:\/\/martapessoa.blog.br\/wp-content\/uploads\/2020\/10\/IMG_9220-230x307.jpg 230w, https:\/\/martapessoa.blog.br\/wp-content\/uploads\/2020\/10\/IMG_9220-350x467.jpg 350w, https:\/\/martapessoa.blog.br\/wp-content\/uploads\/2020\/10\/IMG_9220-480x640.jpg 480w, https:\/\/martapessoa.blog.br\/wp-content\/uploads\/2020\/10\/IMG_9220-scaled.jpg 1920w\" sizes=\"(max-width: 254px) 100vw, 254px\" \/><\/figure>\n<\/div>\n\n\n\n<div class=\"wp-block-column\">\n<p class=\"has-drop-cap has-text-color\" style=\"font-size:18px;color:#292727\">Paraibana, sertaneja e carioca, viciada em livros e internet, detentora de v\u00e1rios t\u00edtulos de ex: matem\u00e1tica, professora, &#8220;computeira&#8221;, fundadora da plataforma Mundo Prateado, palestrante de TedX. <\/p>\n\n\n\n<p class=\"has-text-color\" style=\"font-size:18px;color:#292727\">Observadora atenta de passantes, ouvidora de papos de mesa de bar, estudiosa de realidades sarc\u00e1sticas e contadora de hist\u00f3rias ir\u00f4nicas para adultos.<\/p>\n<\/div>\n<\/div>\n\n\n\n<p><\/p>\n","protected":false},"excerpt":{"rendered":"<p>Paraibana, sertaneja e carioca, viciada em livros e internet, detentora de v\u00e1rios t\u00edtulos de ex: matem\u00e1tica, professora, &#8220;computeira&#8221;, fundadora da plataforma Mundo Prateado, palestrante de TedX. Observadora atenta de passantes, ouvidora de papos de mesa de bar, estudiosa de realidades sarc\u00e1sticas e contadora de hist\u00f3rias ir\u00f4nicas para adultos.<\/p>\n","protected":false},"author":1,"featured_media":0,"parent":0,"menu_order":0,"comment_status":"closed","ping_status":"open","template":"","meta":{"_coblocks_attr":"","_coblocks_dimensions":"","_coblocks_responsive_height":"","_coblocks_accordion_ie_support":"","spay_email":""},"_links":{"self":[{"href":"https:\/\/martapessoa.blog.br\/index.php\/wp-json\/wp\/v2\/pages\/302"}],"collection":[{"href":"https:\/\/martapessoa.blog.br\/index.php\/wp-json\/wp\/v2\/pages"}],"about":[{"href":"https:\/\/martapessoa.blog.br\/index.php\/wp-json\/wp\/v2\/types\/page"}],"author":[{"embeddable":true,"href":"https:\/\/martapessoa.blog.br\/index.php\/wp-json\/wp\/v2\/users\/1"}],"replies":[{"embeddable":true,"href":"https:\/\/martapessoa.blog.br\/index.php\/wp-json\/wp\/v2\/comments?post=302"}],"version-history":[{"count":4,"href":"https:\/\/martapessoa.blog.br\/index.php\/wp-json\/wp\/v2\/pages\/302\/revisions"}],"predecessor-version":[{"id":556,"href":"https:\/\/martapessoa.blog.br\/index.php\/wp-json\/wp\/v2\/pages\/302\/revisions\/556"}],"wp:attachment":[{"href":"https:\/\/martapessoa.blog.br\/index.php\/wp-json\/wp\/v2\/media?parent=302"}],"curies":[{"name":"wp","href":"https:\/\/api.w.org\/{rel}","templated":true}]}}